{"id":32,"date":"2024-05-03T10:35:33","date_gmt":"2024-05-03T10:35:33","guid":{"rendered":"https:\/\/stupefied-pascal.217-170-194-8.plesk.page\/index.php\/social-media\/"},"modified":"2024-05-06T16:10:25","modified_gmt":"2024-05-06T16:10:25","slug":"produkter","status":"publish","type":"page","link":"https:\/\/stupefied-pascal.217-170-194-8.plesk.page\/index.php\/produkter\/","title":{"rendered":"Produkter"},"content":{"rendered":"\t\t<div data-elementor-type=\"wp-page\" data-elementor-id=\"32\" class=\"elementor elementor-32\" data-elementor-post-type=\"page\">\n\t\t\t\t<div class=\"elementor-element elementor-element-5197e06d e-flex e-con-boxed e-con e-parent\" data-id=\"5197e06d\" data-element_type=\"container\" data-settings=\"{&quot;background_background&quot;:&quot;classic&quot;}\">\n\t\t\t\t\t<div class=\"e-con-inner\">\n\t\t\t\t<div class=\"elementor-element elementor-element-30e98b99 elementor-invisible elementor-widget elementor-widget-heading\" data-id=\"30e98b99\" data-element_type=\"widget\" data-settings=\"{&quot;_animation&quot;:&quot;fadeIn&quot;}\" data-widget_type=\"heading.default\">\n\t\t\t\t<div class=\"elementor-widget-container\">\n\t\t\t<style>\/*! elementor - v3.21.0 - 30-04-2024 *\/\n.elementor-heading-title{padding:0;margin:0;line-height:1}.elementor-widget-heading .elementor-heading-title[class*=elementor-size-]>a{color:inherit;font-size:inherit;line-height:inherit}.elementor-widget-heading .elementor-heading-title.elementor-size-small{font-size:15px}.elementor-widget-heading .elementor-heading-title.elementor-size-medium{font-size:19px}.elementor-widget-heading .elementor-heading-title.elementor-size-large{font-size:29px}.elementor-widget-heading .elementor-heading-title.elementor-size-xl{font-size:39px}.elementor-widget-heading .elementor-heading-title.elementor-size-xxl{font-size:59px}<\/style><h2 class=\"elementor-heading-title elementor-size-default\">Produkter<\/h2>\t\t<\/div>\n\t\t\t\t<\/div>\n\t\t\t\t<div class=\"elementor-element elementor-element-32cdcb23 elementor-widget elementor-widget-text-editor\" data-id=\"32cdcb23\" data-element_type=\"widget\" data-widget_type=\"text-editor.default\">\n\t\t\t\t<div class=\"elementor-widget-container\">\n\t\t\t<style>\/*! elementor - v3.21.0 - 30-04-2024 *\/\n.elementor-widget-text-editor.elementor-drop-cap-view-stacked .elementor-drop-cap{background-color:#69727d;color:#fff}.elementor-widget-text-editor.elementor-drop-cap-view-framed .elementor-drop-cap{color:#69727d;border:3px solid;background-color:transparent}.elementor-widget-text-editor:not(.elementor-drop-cap-view-default) .elementor-drop-cap{margin-top:8px}.elementor-widget-text-editor:not(.elementor-drop-cap-view-default) .elementor-drop-cap-letter{width:1em;height:1em}.elementor-widget-text-editor .elementor-drop-cap{float:left;text-align:center;line-height:1;font-size:50px}.elementor-widget-text-editor .elementor-drop-cap-letter{display:inline-block}<\/style>\t\t\t\t<p>Vi selger alle produktene som finnes i nettbutikken til R\u00f8rkj\u00f8p. Bestill direkte derfra, eller s\u00e5 kan vi bestille produktene for deg n\u00e5r vi utf\u00f8rer r\u00f8rleggerarbeidet for deg!<\/p>\t\t\t\t\t\t<\/div>\n\t\t\t\t<\/div>\n\t\t\t\t\t<\/div>\n\t\t\t\t<\/div>\n\t\t<div class=\"elementor-element elementor-element-b18397b e-flex e-con-boxed e-con e-parent\" data-id=\"b18397b\" data-element_type=\"container\">\n\t\t\t\t\t<div class=\"e-con-inner\">\n\t\t<div class=\"elementor-element elementor-element-8e980a6 e-con-full e-flex e-con e-child\" data-id=\"8e980a6\" data-element_type=\"container\">\n\t\t\t\t<div class=\"elementor-element elementor-element-96897af elementor-widget elementor-widget-image\" data-id=\"96897af\" data-element_type=\"widget\" data-widget_type=\"image.default\">\n\t\t\t\t<div class=\"elementor-widget-container\">\n\t\t\t<style>\/*! elementor - v3.21.0 - 30-04-2024 *\/\n.elementor-widget-image{text-align:center}.elementor-widget-image a{display:inline-block}.elementor-widget-image a img[src$=\".svg\"]{width:48px}.elementor-widget-image img{vertical-align:middle;display:inline-block}<\/style>\t\t\t\t\t\t\t\t\t\t<img fetchpriority=\"high\" decoding=\"async\" width=\"800\" height=\"800\" src=\"https:\/\/stupefied-pascal.217-170-194-8.plesk.page\/wp-content\/uploads\/2024\/05\/produktbilde-fm-mattsson-norway-as-va_vvs-4300982-fmm-siljan-duo-kjokkenkran-38-krom-med-sensor-1024x1024.jpg\" class=\"attachment-large size-large wp-image-749\" alt=\"\" srcset=\"https:\/\/stupefied-pascal.217-170-194-8.plesk.page\/wp-content\/uploads\/2024\/05\/produktbilde-fm-mattsson-norway-as-va_vvs-4300982-fmm-siljan-duo-kjokkenkran-38-krom-med-sensor-1024x1024.jpg 1024w, https:\/\/stupefied-pascal.217-170-194-8.plesk.page\/wp-content\/uploads\/2024\/05\/produktbilde-fm-mattsson-norway-as-va_vvs-4300982-fmm-siljan-duo-kjokkenkran-38-krom-med-sensor-300x300.jpg 300w, https:\/\/stupefied-pascal.217-170-194-8.plesk.page\/wp-content\/uploads\/2024\/05\/produktbilde-fm-mattsson-norway-as-va_vvs-4300982-fmm-siljan-duo-kjokkenkran-38-krom-med-sensor-150x150.jpg 150w, https:\/\/stupefied-pascal.217-170-194-8.plesk.page\/wp-content\/uploads\/2024\/05\/produktbilde-fm-mattsson-norway-as-va_vvs-4300982-fmm-siljan-duo-kjokkenkran-38-krom-med-sensor-768x768.jpg 768w, https:\/\/stupefied-pascal.217-170-194-8.plesk.page\/wp-content\/uploads\/2024\/05\/produktbilde-fm-mattsson-norway-as-va_vvs-4300982-fmm-siljan-duo-kjokkenkran-38-krom-med-sensor.jpg 1200w\" sizes=\"(max-width: 800px) 100vw, 800px\" \/>\t\t\t\t\t\t\t\t\t\t\t\t\t<\/div>\n\t\t\t\t<\/div>\n\t\t\t\t<div class=\"elementor-element elementor-element-78f2c73 elementor-widget elementor-widget-heading\" data-id=\"78f2c73\" data-element_type=\"widget\" data-widget_type=\"heading.default\">\n\t\t\t\t<div class=\"elementor-widget-container\">\n\t\t\t<h2 class=\"elementor-heading-title elementor-size-default\">FM Mattsson Siljan Duo kj\u00f8kkenkran - med sensor<\/h2>\t\t<\/div>\n\t\t\t\t<\/div>\n\t\t\t\t<div class=\"elementor-element elementor-element-f5b9099 elementor-widget elementor-widget-text-editor\" data-id=\"f5b9099\" data-element_type=\"widget\" data-widget_type=\"text-editor.default\">\n\t\t\t\t<div class=\"elementor-widget-container\">\n\t\t\t\t\t\t\t<p><strong class=\"price__current\">Pris: 9 760 kr<\/strong><\/p>\t\t\t\t\t\t<\/div>\n\t\t\t\t<\/div>\n\t\t\t\t<div class=\"elementor-element elementor-element-bf57c44 elementor-widget elementor-widget-button\" data-id=\"bf57c44\" data-element_type=\"widget\" data-widget_type=\"button.default\">\n\t\t\t\t<div class=\"elementor-widget-container\">\n\t\t\t\t\t<div class=\"elementor-button-wrapper\">\n\t\t\t<a class=\"elementor-button elementor-button-link elementor-size-sm\" href=\"https:\/\/www.rorkjop.no\/fmm-siljan-duo-kjokkenkran-38-krom-med-sensor-85eb9ad2\/?recid=3635639103911\">\n\t\t\t\t\t\t<span class=\"elementor-button-content-wrapper\">\n\t\t\t\t\t\t\t\t\t<span class=\"elementor-button-text\">Kj\u00f8p n\u00e5<\/span>\n\t\t\t\t\t<\/span>\n\t\t\t\t\t<\/a>\n\t\t<\/div>\n\t\t\t\t<\/div>\n\t\t\t\t<\/div>\n\t\t\t\t<\/div>\n\t\t<div class=\"elementor-element elementor-element-0e67706 e-con-full e-flex e-con e-child\" data-id=\"0e67706\" data-element_type=\"container\">\n\t\t\t\t<div class=\"elementor-element elementor-element-807dd45 elementor-widget elementor-widget-image\" data-id=\"807dd45\" data-element_type=\"widget\" data-widget_type=\"image.default\">\n\t\t\t\t<div class=\"elementor-widget-container\">\n\t\t\t\t\t\t\t\t\t\t\t\t\t<img decoding=\"async\" width=\"800\" height=\"800\" src=\"https:\/\/stupefied-pascal.217-170-194-8.plesk.page\/wp-content\/uploads\/2024\/05\/hansgrohe-talis-produktbilde-storre-storrelse-rorkjop-1024x1024.webp\" class=\"attachment-large size-large wp-image-756\" alt=\"\" srcset=\"https:\/\/stupefied-pascal.217-170-194-8.plesk.page\/wp-content\/uploads\/2024\/05\/hansgrohe-talis-produktbilde-storre-storrelse-rorkjop-1024x1024.webp 1024w, https:\/\/stupefied-pascal.217-170-194-8.plesk.page\/wp-content\/uploads\/2024\/05\/hansgrohe-talis-produktbilde-storre-storrelse-rorkjop-300x300.webp 300w, https:\/\/stupefied-pascal.217-170-194-8.plesk.page\/wp-content\/uploads\/2024\/05\/hansgrohe-talis-produktbilde-storre-storrelse-rorkjop-150x150.webp 150w, https:\/\/stupefied-pascal.217-170-194-8.plesk.page\/wp-content\/uploads\/2024\/05\/hansgrohe-talis-produktbilde-storre-storrelse-rorkjop-768x768.webp 768w, https:\/\/stupefied-pascal.217-170-194-8.plesk.page\/wp-content\/uploads\/2024\/05\/hansgrohe-talis-produktbilde-storre-storrelse-rorkjop.webp 1080w\" sizes=\"(max-width: 800px) 100vw, 800px\" \/>\t\t\t\t\t\t\t\t\t\t\t\t\t<\/div>\n\t\t\t\t<\/div>\n\t\t\t\t<div class=\"elementor-element elementor-element-fb9d9e9 elementor-widget elementor-widget-heading\" data-id=\"fb9d9e9\" data-element_type=\"widget\" data-widget_type=\"heading.default\">\n\t\t\t\t<div class=\"elementor-widget-container\">\n\t\t\t<h2 class=\"elementor-heading-title elementor-size-default\">Hansgrohe Talis M54 kj\u00f8kkenkran med uttrekk<\/h2>\t\t<\/div>\n\t\t\t\t<\/div>\n\t\t\t\t<div class=\"elementor-element elementor-element-b77bb31 elementor-widget elementor-widget-text-editor\" data-id=\"b77bb31\" data-element_type=\"widget\" data-widget_type=\"text-editor.default\">\n\t\t\t\t<div class=\"elementor-widget-container\">\n\t\t\t\t\t\t\t<p><strong class=\"price__current\">Pris: 3\u00a0890 kr<\/strong><\/p>\t\t\t\t\t\t<\/div>\n\t\t\t\t<\/div>\n\t\t\t\t<div class=\"elementor-element elementor-element-0ff704c elementor-widget elementor-widget-button\" data-id=\"0ff704c\" data-element_type=\"widget\" data-widget_type=\"button.default\">\n\t\t\t\t<div class=\"elementor-widget-container\">\n\t\t\t\t\t<div class=\"elementor-button-wrapper\">\n\t\t\t<a class=\"elementor-button elementor-button-link elementor-size-sm\" href=\"https:\/\/www.rorkjop.no\/hg-talis-m54-kjokkenarmatur-270-1jet-uttrekk-matt-sort\/\">\n\t\t\t\t\t\t<span class=\"elementor-button-content-wrapper\">\n\t\t\t\t\t\t\t\t\t<span class=\"elementor-button-text\">Kj\u00f8p n\u00e5<\/span>\n\t\t\t\t\t<\/span>\n\t\t\t\t\t<\/a>\n\t\t<\/div>\n\t\t\t\t<\/div>\n\t\t\t\t<\/div>\n\t\t\t\t<\/div>\n\t\t<div class=\"elementor-element elementor-element-10c93f2 e-con-full e-flex e-con e-child\" data-id=\"10c93f2\" data-element_type=\"container\">\n\t\t\t\t<div class=\"elementor-element elementor-element-4949f66 elementor-widget elementor-widget-image\" data-id=\"4949f66\" data-element_type=\"widget\" data-widget_type=\"image.default\">\n\t\t\t\t<div class=\"elementor-widget-container\">\n\t\t\t\t\t\t\t\t\t\t\t\t\t<img decoding=\"async\" width=\"800\" height=\"800\" src=\"https:\/\/stupefied-pascal.217-170-194-8.plesk.page\/wp-content\/uploads\/2024\/05\/9424245-1024x1024.jpg\" class=\"attachment-large size-large wp-image-760\" alt=\"\" srcset=\"https:\/\/stupefied-pascal.217-170-194-8.plesk.page\/wp-content\/uploads\/2024\/05\/9424245-1024x1024.jpg 1024w, https:\/\/stupefied-pascal.217-170-194-8.plesk.page\/wp-content\/uploads\/2024\/05\/9424245-300x300.jpg 300w, https:\/\/stupefied-pascal.217-170-194-8.plesk.page\/wp-content\/uploads\/2024\/05\/9424245-150x150.jpg 150w, https:\/\/stupefied-pascal.217-170-194-8.plesk.page\/wp-content\/uploads\/2024\/05\/9424245-768x768.jpg 768w, https:\/\/stupefied-pascal.217-170-194-8.plesk.page\/wp-content\/uploads\/2024\/05\/9424245.jpg 1200w\" sizes=\"(max-width: 800px) 100vw, 800px\" \/>\t\t\t\t\t\t\t\t\t\t\t\t\t<\/div>\n\t\t\t\t<\/div>\n\t\t\t\t<div class=\"elementor-element elementor-element-fef895b elementor-widget elementor-widget-heading\" data-id=\"fef895b\" data-element_type=\"widget\" data-widget_type=\"heading.default\">\n\t\t\t\t<div class=\"elementor-widget-container\">\n\t\t\t<h2 class=\"elementor-heading-title elementor-size-default\">Tapwell - EVO980 Brushed Black chrome<\/h2>\t\t<\/div>\n\t\t\t\t<\/div>\n\t\t\t\t<div class=\"elementor-element elementor-element-7c40d09 elementor-widget elementor-widget-text-editor\" data-id=\"7c40d09\" data-element_type=\"widget\" data-widget_type=\"text-editor.default\">\n\t\t\t\t<div class=\"elementor-widget-container\">\n\t\t\t\t\t\t\t<p><strong class=\"price__current\">Pris: 5 916 kr<\/strong><\/p>\t\t\t\t\t\t<\/div>\n\t\t\t\t<\/div>\n\t\t\t\t<div class=\"elementor-element elementor-element-de0e8af elementor-widget elementor-widget-button\" data-id=\"de0e8af\" data-element_type=\"widget\" data-widget_type=\"button.default\">\n\t\t\t\t<div class=\"elementor-widget-container\">\n\t\t\t\t\t<div class=\"elementor-button-wrapper\">\n\t\t\t<a class=\"elementor-button elementor-button-link elementor-size-sm\" href=\"https:\/\/www.rorkjop.no\/evo980-brushed-black-chrome\/\">\n\t\t\t\t\t\t<span class=\"elementor-button-content-wrapper\">\n\t\t\t\t\t\t\t\t\t<span class=\"elementor-button-text\">Kj\u00f8p n\u00e5<\/span>\n\t\t\t\t\t<\/span>\n\t\t\t\t\t<\/a>\n\t\t<\/div>\n\t\t\t\t<\/div>\n\t\t\t\t<\/div>\n\t\t\t\t<\/div>\n\t\t\t\t\t<\/div>\n\t\t\t\t<\/div>\n\t\t\t\t<\/div>\n\t\t","protected":false},"excerpt":{"rendered":"<p>Produkter Vi selger alle produktene som finnes i nettbutikken til R\u00f8rkj\u00f8p. Bestill direkte derfra, eller s\u00e5 kan vi bestille produktene for deg n\u00e5r vi utf\u00f8rer r\u00f8rleggerarbeidet for deg! FM Mattsson Siljan Duo kj\u00f8kkenkran &#8211; med sensor Pris: 9 760 kr Kj\u00f8p n\u00e5 Hansgrohe Talis M54 kj\u00f8kkenkran med uttrekk Pris: 3\u00a0890 kr Kj\u00f8p n\u00e5 Tapwell &#8211; [&hellip;]<\/p>\n","protected":false},"author":1,"featured_media":0,"parent":0,"menu_order":0,"comment_status":"closed","ping_status":"closed","template":"elementor_header_footer","meta":{"footnotes":""},"class_list":["post-32","page","type-page","status-publish","hentry"],"yoast_head":"<!-- This site is optimized with the Yoast SEO plugin v22.6 - https:\/\/yoast.com\/wordpress\/plugins\/seo\/ -->\n<title>Produkter - R\u00f8r og VVS spesialisten AS<\/title>\n<meta name=\"robots\" content=\"index, follow, max-snippet:-1, max-image-preview:large, max-video-preview:-1\" \/>\n<link rel=\"canonical\" href=\"https:\/\/stupefied-pascal.217-170-194-8.plesk.page\/index.php\/produkter\/\" \/>\n<meta property=\"og:locale\" content=\"nb_NO\" \/>\n<meta property=\"og:type\" content=\"article\" \/>\n<meta property=\"og:title\" content=\"Produkter - R\u00f8r og VVS spesialisten AS\" \/>\n<meta property=\"og:description\" content=\"Produkter Vi selger alle produktene som finnes i nettbutikken til R\u00f8rkj\u00f8p. Bestill direkte derfra, eller s\u00e5 kan vi bestille produktene for deg n\u00e5r vi utf\u00f8rer r\u00f8rleggerarbeidet for deg! FM Mattsson Siljan Duo kj\u00f8kkenkran &#8211; med sensor Pris: 9 760 kr Kj\u00f8p n\u00e5 Hansgrohe Talis M54 kj\u00f8kkenkran med uttrekk Pris: 3\u00a0890 kr Kj\u00f8p n\u00e5 Tapwell &#8211; [&hellip;]\" \/>\n<meta property=\"og:url\" content=\"https:\/\/stupefied-pascal.217-170-194-8.plesk.page\/index.php\/produkter\/\" \/>\n<meta property=\"og:site_name\" content=\"R\u00f8r og VVS spesialisten AS\" \/>\n<meta property=\"article:modified_time\" content=\"2024-05-06T16:10:25+00:00\" \/>\n<meta property=\"og:image\" content=\"https:\/\/stupefied-pascal.217-170-194-8.plesk.page\/wp-content\/uploads\/2024\/05\/produktbilde-fm-mattsson-norway-as-va_vvs-4300982-fmm-siljan-duo-kjokkenkran-38-krom-med-sensor-1024x1024.jpg\" \/>\n<meta name=\"twitter:card\" content=\"summary_large_image\" \/>\n<meta name=\"twitter:label1\" content=\"Ansl. lesetid\" \/>\n\t<meta name=\"twitter:data1\" content=\"1 minutt\" \/>\n<script type=\"application\/ld+json\" class=\"yoast-schema-graph\">{\"@context\":\"https:\/\/schema.org\",\"@graph\":[{\"@type\":\"WebPage\",\"@id\":\"https:\/\/stupefied-pascal.217-170-194-8.plesk.page\/index.php\/produkter\/\",\"url\":\"https:\/\/stupefied-pascal.217-170-194-8.plesk.page\/index.php\/produkter\/\",\"name\":\"Produkter - R\u00f8r og VVS spesialisten AS\",\"isPartOf\":{\"@id\":\"https:\/\/stupefied-pascal.217-170-194-8.plesk.page\/#website\"},\"primaryImageOfPage\":{\"@id\":\"https:\/\/stupefied-pascal.217-170-194-8.plesk.page\/index.php\/produkter\/#primaryimage\"},\"image\":{\"@id\":\"https:\/\/stupefied-pascal.217-170-194-8.plesk.page\/index.php\/produkter\/#primaryimage\"},\"thumbnailUrl\":\"https:\/\/stupefied-pascal.217-170-194-8.plesk.page\/wp-content\/uploads\/2024\/05\/produktbilde-fm-mattsson-norway-as-va_vvs-4300982-fmm-siljan-duo-kjokkenkran-38-krom-med-sensor-1024x1024.jpg\",\"datePublished\":\"2024-05-03T10:35:33+00:00\",\"dateModified\":\"2024-05-06T16:10:25+00:00\",\"breadcrumb\":{\"@id\":\"https:\/\/stupefied-pascal.217-170-194-8.plesk.page\/index.php\/produkter\/#breadcrumb\"},\"inLanguage\":\"nb-NO\",\"potentialAction\":[{\"@type\":\"ReadAction\",\"target\":[\"https:\/\/stupefied-pascal.217-170-194-8.plesk.page\/index.php\/produkter\/\"]}]},{\"@type\":\"ImageObject\",\"inLanguage\":\"nb-NO\",\"@id\":\"https:\/\/stupefied-pascal.217-170-194-8.plesk.page\/index.php\/produkter\/#primaryimage\",\"url\":\"https:\/\/stupefied-pascal.217-170-194-8.plesk.page\/wp-content\/uploads\/2024\/05\/produktbilde-fm-mattsson-norway-as-va_vvs-4300982-fmm-siljan-duo-kjokkenkran-38-krom-med-sensor.jpg\",\"contentUrl\":\"https:\/\/stupefied-pascal.217-170-194-8.plesk.page\/wp-content\/uploads\/2024\/05\/produktbilde-fm-mattsson-norway-as-va_vvs-4300982-fmm-siljan-duo-kjokkenkran-38-krom-med-sensor.jpg\",\"width\":1200,\"height\":1200},{\"@type\":\"BreadcrumbList\",\"@id\":\"https:\/\/stupefied-pascal.217-170-194-8.plesk.page\/index.php\/produkter\/#breadcrumb\",\"itemListElement\":[{\"@type\":\"ListItem\",\"position\":1,\"name\":\"Hjem\",\"item\":\"https:\/\/stupefied-pascal.217-170-194-8.plesk.page\/\"},{\"@type\":\"ListItem\",\"position\":2,\"name\":\"Produkter\"}]},{\"@type\":\"WebSite\",\"@id\":\"https:\/\/stupefied-pascal.217-170-194-8.plesk.page\/#website\",\"url\":\"https:\/\/stupefied-pascal.217-170-194-8.plesk.page\/\",\"name\":\"R\u00f8r og VVS spesialisten AS\",\"description\":\"\",\"publisher\":{\"@id\":\"https:\/\/stupefied-pascal.217-170-194-8.plesk.page\/#organization\"},\"potentialAction\":[{\"@type\":\"SearchAction\",\"target\":{\"@type\":\"EntryPoint\",\"urlTemplate\":\"https:\/\/stupefied-pascal.217-170-194-8.plesk.page\/?s={search_term_string}\"},\"query-input\":\"required name=search_term_string\"}],\"inLanguage\":\"nb-NO\"},{\"@type\":\"Organization\",\"@id\":\"https:\/\/stupefied-pascal.217-170-194-8.plesk.page\/#organization\",\"name\":\"R\u00f8r og VVS spesialisten AS\",\"url\":\"https:\/\/stupefied-pascal.217-170-194-8.plesk.page\/\",\"logo\":{\"@type\":\"ImageObject\",\"inLanguage\":\"nb-NO\",\"@id\":\"https:\/\/stupefied-pascal.217-170-194-8.plesk.page\/#\/schema\/logo\/image\/\",\"url\":\"https:\/\/stupefied-pascal.217-170-194-8.plesk.page\/wp-content\/uploads\/2024\/05\/ror-og-vvs.png\",\"contentUrl\":\"https:\/\/stupefied-pascal.217-170-194-8.plesk.page\/wp-content\/uploads\/2024\/05\/ror-og-vvs.png\",\"width\":2560,\"height\":1041,\"caption\":\"R\u00f8r og VVS spesialisten AS\"},\"image\":{\"@id\":\"https:\/\/stupefied-pascal.217-170-194-8.plesk.page\/#\/schema\/logo\/image\/\"}}]}<\/script>\n<!-- \/ Yoast SEO plugin. -->","yoast_head_json":{"title":"Produkter - R\u00f8r og VVS spesialisten AS","robots":{"index":"index","follow":"follow","max-snippet":"max-snippet:-1","max-image-preview":"max-image-preview:large","max-video-preview":"max-video-preview:-1"},"canonical":"https:\/\/stupefied-pascal.217-170-194-8.plesk.page\/index.php\/produkter\/","og_locale":"nb_NO","og_type":"article","og_title":"Produkter - R\u00f8r og VVS spesialisten AS","og_description":"Produkter Vi selger alle produktene som finnes i nettbutikken til R\u00f8rkj\u00f8p. Bestill direkte derfra, eller s\u00e5 kan vi bestille produktene for deg n\u00e5r vi utf\u00f8rer r\u00f8rleggerarbeidet for deg! FM Mattsson Siljan Duo kj\u00f8kkenkran &#8211; med sensor Pris: 9 760 kr Kj\u00f8p n\u00e5 Hansgrohe Talis M54 kj\u00f8kkenkran med uttrekk Pris: 3\u00a0890 kr Kj\u00f8p n\u00e5 Tapwell &#8211; [&hellip;]","og_url":"https:\/\/stupefied-pascal.217-170-194-8.plesk.page\/index.php\/produkter\/","og_site_name":"R\u00f8r og VVS spesialisten AS","article_modified_time":"2024-05-06T16:10:25+00:00","og_image":[{"url":"https:\/\/stupefied-pascal.217-170-194-8.plesk.page\/wp-content\/uploads\/2024\/05\/produktbilde-fm-mattsson-norway-as-va_vvs-4300982-fmm-siljan-duo-kjokkenkran-38-krom-med-sensor-1024x1024.jpg"}],"twitter_card":"summary_large_image","twitter_misc":{"Ansl. lesetid":"1 minutt"},"schema":{"@context":"https:\/\/schema.org","@graph":[{"@type":"WebPage","@id":"https:\/\/stupefied-pascal.217-170-194-8.plesk.page\/index.php\/produkter\/","url":"https:\/\/stupefied-pascal.217-170-194-8.plesk.page\/index.php\/produkter\/","name":"Produkter - R\u00f8r og VVS spesialisten AS","isPartOf":{"@id":"https:\/\/stupefied-pascal.217-170-194-8.plesk.page\/#website"},"primaryImageOfPage":{"@id":"https:\/\/stupefied-pascal.217-170-194-8.plesk.page\/index.php\/produkter\/#primaryimage"},"image":{"@id":"https:\/\/stupefied-pascal.217-170-194-8.plesk.page\/index.php\/produkter\/#primaryimage"},"thumbnailUrl":"https:\/\/stupefied-pascal.217-170-194-8.plesk.page\/wp-content\/uploads\/2024\/05\/produktbilde-fm-mattsson-norway-as-va_vvs-4300982-fmm-siljan-duo-kjokkenkran-38-krom-med-sensor-1024x1024.jpg","datePublished":"2024-05-03T10:35:33+00:00","dateModified":"2024-05-06T16:10:25+00:00","breadcrumb":{"@id":"https:\/\/stupefied-pascal.217-170-194-8.plesk.page\/index.php\/produkter\/#breadcrumb"},"inLanguage":"nb-NO","potentialAction":[{"@type":"ReadAction","target":["https:\/\/stupefied-pascal.217-170-194-8.plesk.page\/index.php\/produkter\/"]}]},{"@type":"ImageObject","inLanguage":"nb-NO","@id":"https:\/\/stupefied-pascal.217-170-194-8.plesk.page\/index.php\/produkter\/#primaryimage","url":"https:\/\/stupefied-pascal.217-170-194-8.plesk.page\/wp-content\/uploads\/2024\/05\/produktbilde-fm-mattsson-norway-as-va_vvs-4300982-fmm-siljan-duo-kjokkenkran-38-krom-med-sensor.jpg","contentUrl":"https:\/\/stupefied-pascal.217-170-194-8.plesk.page\/wp-content\/uploads\/2024\/05\/produktbilde-fm-mattsson-norway-as-va_vvs-4300982-fmm-siljan-duo-kjokkenkran-38-krom-med-sensor.jpg","width":1200,"height":1200},{"@type":"BreadcrumbList","@id":"https:\/\/stupefied-pascal.217-170-194-8.plesk.page\/index.php\/produkter\/#breadcrumb","itemListElement":[{"@type":"ListItem","position":1,"name":"Hjem","item":"https:\/\/stupefied-pascal.217-170-194-8.plesk.page\/"},{"@type":"ListItem","position":2,"name":"Produkter"}]},{"@type":"WebSite","@id":"https:\/\/stupefied-pascal.217-170-194-8.plesk.page\/#website","url":"https:\/\/stupefied-pascal.217-170-194-8.plesk.page\/","name":"R\u00f8r og VVS spesialisten AS","description":"","publisher":{"@id":"https:\/\/stupefied-pascal.217-170-194-8.plesk.page\/#organization"},"potentialAction":[{"@type":"SearchAction","target":{"@type":"EntryPoint","urlTemplate":"https:\/\/stupefied-pascal.217-170-194-8.plesk.page\/?s={search_term_string}"},"query-input":"required name=search_term_string"}],"inLanguage":"nb-NO"},{"@type":"Organization","@id":"https:\/\/stupefied-pascal.217-170-194-8.plesk.page\/#organization","name":"R\u00f8r og VVS spesialisten AS","url":"https:\/\/stupefied-pascal.217-170-194-8.plesk.page\/","logo":{"@type":"ImageObject","inLanguage":"nb-NO","@id":"https:\/\/stupefied-pascal.217-170-194-8.plesk.page\/#\/schema\/logo\/image\/","url":"https:\/\/stupefied-pascal.217-170-194-8.plesk.page\/wp-content\/uploads\/2024\/05\/ror-og-vvs.png","contentUrl":"https:\/\/stupefied-pascal.217-170-194-8.plesk.page\/wp-content\/uploads\/2024\/05\/ror-og-vvs.png","width":2560,"height":1041,"caption":"R\u00f8r og VVS spesialisten AS"},"image":{"@id":"https:\/\/stupefied-pascal.217-170-194-8.plesk.page\/#\/schema\/logo\/image\/"}}]}},"_links":{"self":[{"href":"https:\/\/stupefied-pascal.217-170-194-8.plesk.page\/index.php\/wp-json\/wp\/v2\/pages\/32","targetHints":{"allow":["GET"]}}],"collection":[{"href":"https:\/\/stupefied-pascal.217-170-194-8.plesk.page\/index.php\/wp-json\/wp\/v2\/pages"}],"about":[{"href":"https:\/\/stupefied-pascal.217-170-194-8.plesk.page\/index.php\/wp-json\/wp\/v2\/types\/page"}],"author":[{"embeddable":true,"href":"https:\/\/stupefied-pascal.217-170-194-8.plesk.page\/index.php\/wp-json\/wp\/v2\/users\/1"}],"replies":[{"embeddable":true,"href":"https:\/\/stupefied-pascal.217-170-194-8.plesk.page\/index.php\/wp-json\/wp\/v2\/comments?post=32"}],"version-history":[{"count":44,"href":"https:\/\/stupefied-pascal.217-170-194-8.plesk.page\/index.php\/wp-json\/wp\/v2\/pages\/32\/revisions"}],"predecessor-version":[{"id":776,"href":"https:\/\/stupefied-pascal.217-170-194-8.plesk.page\/index.php\/wp-json\/wp\/v2\/pages\/32\/revisions\/776"}],"wp:attachment":[{"href":"https:\/\/stupefied-pascal.217-170-194-8.plesk.page\/index.php\/wp-json\/wp\/v2\/media?parent=32"}],"curies":[{"name":"wp","href":"https:\/\/api.w.org\/{rel}","templated":true}]}}